{"id":7582,"date":"2022-10-20T15:10:31","date_gmt":"2022-10-20T13:10:31","guid":{"rendered":"https:\/\/www.ikuxka.com\/lege-oharra\/"},"modified":"2025-10-14T17:19:01","modified_gmt":"2025-10-14T15:19:01","slug":"aviso-legal","status":"publish","type":"page","link":"https:\/\/ikuxka.com\/es\/aviso-legal\/","title":{"rendered":"Aviso legal"},"content":{"rendered":"<p>Para dar cumplimiento al art\u00edculo 10 de la Ley 34\/2002 de Servicios de la Sociedad de la Informaci\u00f3n y del Comercio Electr\u00f3nico, informamos a los usuarios de nuestros datos:<\/p>\n<p><strong>Titular del Website:<\/strong> Nagore Igarza Arin<br \/>\n<strong>Direcci\u00f3n:<\/strong> Calle Kalebarren n\u00ba7 1, 20577 Antzuola<br \/>\n<strong>Contacto:<\/strong> Tel: 653704979 \/\/\u00a0 Mail: ikuxka@ikuxka.com. (Tiempo m\u00e1ximo de respuesta 24h)<br \/>\n<strong>DNI:<\/strong> 72456049T<br \/>\n<strong>Actividad:<\/strong> Servicios fotogr\u00e1ficos<\/p>\n<h3>\u00bfQu\u00e9 servicios ofrece nuestra web?<\/h3>\n<p>El portal web\u00a0https:\/\/www.ikuxka.com\u00a0tiene como objeto facilitar al p\u00fablico el conocimiento de los productos y servicios que nuestra empresa presta, relacionados con la fotograf\u00eda, reportajes fotogr\u00e1ficos, la impresi\u00f3n y\u00a0 comercializaci\u00f3n de soportes asociados (copias, lienzos, art box, recordatorio, \u00e1lbumes\u2026)<\/p>\n<p>Adem\u00e1s contamos con un blog donde expondremos nuestras sesiones. Existe la posibilidad de suscribirse a la newsletter de Ikuxka para recibir informaci\u00f3n y ofertas.<\/p>\n<p>Posibilidad de acceso restringido a una zona para la selecci\u00f3n y descarga de fotograf\u00edas con clave y contrase\u00f1a que facilitar\u00e1 la fotografa.<\/p>\n<h3>Obligaci\u00f3n de hace uso correcto de la web<\/h3>\n<p>Las personas usuarias se comprometen a utilizar la web de conformidad al presente aviso legal, la \u00e9tica moral y buenos usos. No se podr\u00e1n utilizar los contenidos publicados para fines prohibidos, il\u00edcitos, o que atenten con los derechos e intereses de terceros, especialmente de las personas cuyas im\u00e1genes est\u00e1n publicadas en la web.<\/p>\n<p>Las im\u00e1genes publicadas en esta web no podr\u00e1n ser objeto de uso o utilizaci\u00f3n ni por personas particulares ni empresas p\u00fablicas o privadas entendi\u00e9ndose prohibidas las descargas, reproducciones p\u00fablicas, publicaci\u00f3n en otros medios o cualquier otro uso que atende al derecho al honor, a la intimidad personal o familiar de la imagen de las personas o que promueva actuaciones, actitudes o pensamientos discriminatorios por raz\u00f3n de sexo, creencia o religi\u00f3n.<\/p>\n<h3>Protegemos la propiedad intelectual<\/h3>\n<p><strong>\u00bfQu\u00e9 contenido se protege?<br \/>\n<\/strong>Todos los elementos que forman este sitio Web (im\u00e1genes, elementos gr\u00e1ficos, textos, dise\u00f1o, c\u00f3digo fuente, logos, marcas) as\u00ed como cualquier signo distintito son titularidad de www.ikuxka.comm, o de sus marcas colaboradoras, estando protegidos por los correspondientes derechos de propiedad intelectual e industrial.<\/p>\n<p><strong>Si eres un particular, \u00bfqu\u00e9 uso puedes hacer del contenido de esta web?<br \/>\n<\/strong>La persona usuaria se obliga a usar los contenidos de forma diligente y correcta, de acuerdo con la ley, la moral y el orden p\u00fablico. IKUXKA autoriza a las personas usuarias que vayan a hacer un uso personal de los contenidos la posibilidad de: visualizar informaci\u00f3n o efectuar reproducciones privadas, sin embargo se proh\u00edbe la publicaci\u00f3n en otros medios o la descarga del contenido (fotograf\u00edas) en sus sistemas inform\u00e1ticos a no ser que se trate de las personas titulares de derechos sobre dichas im\u00e1genes.<\/p>\n<p><strong>Si eres una empresa, \u00bfqu\u00e9 uso puedes hacer del contenido de esta web?<br \/>\n<\/strong>El uso de los contenidos deber\u00e1 respetar su licenciamiento copyright. De tal modo su uso, reproducci\u00f3n, distribuci\u00f3n, comunicaci\u00f3n p\u00fablica, transformaci\u00f3n o cualquier otra actividad similar, queda totalmente prohibida salvo que medie previa y expresa autorizaci\u00f3n de IKUXKA.<\/p>\n<p>\u00danicamente se autoriza la reproducci\u00f3n total o parcial de los textos proporcionados por el sitio Web, siempre que concurran todas y cada una de las siguientes condiciones:<\/p>\n<ul>\n<li>Se mantenga la integridad de los contenidos.<\/li>\n<li>Se cite expresamente a IKUXKA\u00a0como fuente y origen de aquellos.<\/li>\n<li>El prop\u00f3sito y la finalidad de tal uso sea compatible con los fines de la Web y\/o actividad\u00a0de IKUXKA.<\/li>\n<li>No se pretenda un uso comercial.<\/li>\n<\/ul>\n<p>En cuanto al contenido gr\u00e1fico (im\u00e1genes, fotograf\u00edas) queda expresamente prohibido la publicaci\u00f3n, difusi\u00f3n y descarga. Cualquier otro uso habr\u00e1 de ser comunicado y autorizado por IKUXKA, previa y expresamente.<\/p>\n<p><strong>Soy un medio de comunicaci\u00f3n, \u00bfqu\u00e9 uso puedo hacer del contenido de la web?<br \/>\n<\/strong>Autorizamos la utilizaci\u00f3n de nuestra informaci\u00f3n como empresa con fines period\u00edsticos e invitamos a los medios a contrastar cualquier tipo de informaci\u00f3n que se desee publicar. Rogamos que se respete la integridad del contenido y se identifique que la fuente originaria ha sido el presente Sitio Web perteneciente a IKUXKA.<\/p>\n<p><strong>En caso de citas de productos o servicios de terceros:<br \/>\n<\/strong>IKUXKA reconoce a favor de sus titulares los correspondientes derechos de propiedad industrial e intelectual, no implicando su sola menci\u00f3n o aparici\u00f3n en la Web la existencia de derechos ni de responsabilidad alguna sobre los mismos, como tampoco patrocinio o recomendaci\u00f3n.<\/p>\n<p><strong>Ante la duda, ponte en contacto con nosotros<br \/>\n<\/strong>IKUXKA declara su respeto a los derechos de propiedad intelectual e industrial de terceros; por ello, en caso de que cualquier persona usuaria considere que cualquiera de los contenidos del sitio web suponga una violaci\u00f3n de derechos de propiedad intelectual, les rogamos lo comuniquen inmediatamente a la empresa a trav\u00e9s de nuestros datos de contacto.<\/p>\n<h3>Limitaci\u00f3n de responsabilidades<\/h3>\n<p>Tanto el acceso al sitio Web, como el uso que pueda hacerse de la informaci\u00f3n contenida en los mismos es de la exclusiva responsabilidad de quien lo realiza.<\/p>\n<p><strong>En caso de fallos y errores:<br \/>\n<\/strong>En caso de errores en el acceso a la Web, en su contenido, o que \u00e9ste no se encuentre actualizado, IKUXKA\u00a0desarrollar\u00e1 sus mejores esfuerzos para en su caso, evitarlos, subsanarlos o actualizarlos.<\/p>\n<p><strong>IKUXKA no se hace responsable de:<\/strong><\/p>\n<ul>\n<li>La informaci\u00f3n y contenidos almacenados, a t\u00edtulo enunciativo, pero no limitativo, en foros, chats, blogs, comentarios, redes sociales o cualesquiera otros medios que permita a terceros publicar contenidos de la forma independiente en la p\u00e1gina web.<\/li>\n<li>Las comunicaciones que incluyen el nombre de la marca y no est\u00e9n previamente autorizadas por la marca o cuando \u00e9sta haya sido objeto de \u201cfake news\u201d.<\/li>\n<li>Fallos en la plataforma debidos a causas de fuerza mayor u otras causas no imputables a IKUXKA<\/li>\n<li>La veracidad, fiabilidad o actualizaci\u00f3n de los contenidos publicados por terceros.<\/li>\n<\/ul>\n<h3>Pol\u00edtica de links o enlaces a contenidos de terceros<\/h3>\n<p>Los enlaces que puedas encontrar en nuestro sitio Web pueden dirigir a contenidos web de terceros. El objetivo de dichos enlaces es \u00fanicamente facilitarte la b\u00fasqueda de los recursos que te puedan interesar relacionados con nuestro sector.<\/p>\n<p>Sobre dichas p\u00e1ginas de terceros no se hace una revisi\u00f3n de sus contenidos y, por ello, IKUXKA no asume ninguna responsabilidad por el contenido, informaciones o servicios que pudieran aparecer en dichos sitios, que tendr\u00e1n exclusivamente car\u00e1cter informativo y que en ning\u00fan caso implican relaci\u00f3n alguna entre\u00a0IKUXKA y las personas o entidades titulares de tales contenidos o titulares de otros sitios donde se encuentren.<\/p>\n<p>Nos comprometemos a respetar las siguientes condiciones en nuestra pol\u00edtica de enlaces:<\/p>\n<ul>\n<li>El establecimiento del enlace no supondr\u00e1 ning\u00fan tipo de acuerdo, contrato, patrocinio ni recomendaci\u00f3n por parte de\u00a0la empresa titular de la web.<\/li>\n<li>IKUXKA podr\u00e1 solicitar que se retire un enlace a su Web, sin necesidad de alegar causa alguna. En tal caso, la p\u00e1gina que haya realizado el enlace deber\u00e1 proceder a su inmediata supresi\u00f3n, tan pronto como reciba la notificaci\u00f3n de IKUXKA.<\/li>\n<li>La p\u00e1gina Web en la que se establezca el hiperenlace no podr\u00e1 contener marca, denominaci\u00f3n, logotipo, eslogan u otros signos distintivos pertenecientes a\u00a0IKUXKA excepto aquellos signos que formen parte del mismo hiperenlace.<\/li>\n<\/ul>\n<h3>Velamos por la seguridad de tus datos<\/h3>\n<p>En este sitio web hemos adoptado las medidas de seguridad pertinentes para garantizar la <strong>confidencialidad, integridad y disponibilidad<\/strong> de la informaci\u00f3n, as\u00ed como la protecci\u00f3n de sus datos personales.<\/p>\n<p><strong>Protocolo HTTPS:<br \/>\n<\/strong>Utilizamos el <strong>protocolo HTTPS (SSL) <\/strong>para establecer un canal seguro de comunicaci\u00f3n entre el servidor y el usuario para el env\u00edo de sus datos personales. Prestar ese servicio a trav\u00e9s de un servidor seguro supone garantizar la confidencialidad de la informaci\u00f3n que se intercambia entre el ordenador de la persona usuaria y dicho servidor, ya que entre ambos se establece una conexi\u00f3n cifrada, que imposibilita el acceso de terceros a la informaci\u00f3n enviada.<\/p>\n<p><strong>Pol\u00edtica de contrase\u00f1as:<br \/>\n<\/strong>La fot\u00f3grafa facilitar\u00e1 clave y contrase\u00f1a para acceder a la carpeta restringida donde se ubican las fotograf\u00edas de la sesi\u00f3n.<br \/>\nIKUXKA se reserva el derecho a cancelar las cuentas de usuario que est\u00e9n utilizando el servicio para uso fraudulento y mala fe.<\/p>\n<p><strong>Pol\u00edtica de Privacidad:<br \/>\n<\/strong>Para aquellos casos que se recaben, traten o almacenen datos personales a trav\u00e9s de esta web, se har\u00e1 en conformidad con la <u>Pol\u00edtica de Privacidad<\/u> publicada en este sitio.<\/p>\n<h3>Atenci\u00f3n y resoluci\u00f3n de conflictos<\/h3>\n<p><strong>\u00bfQu\u00e9 hacer si quiere presentar una reclamaci\u00f3n?<br \/>\n<\/strong>Para cualquier duda, sugerencia, consulta o reclamaci\u00f3n, puede dirigirse al Servicio de Atenci\u00f3n al Usuario de IKUXKA, por cualquiera de los siguientes medios: (indicar mail, tfno\u2026). Atendremos y daremos respuesta a su reclamaci\u00f3n a la mayor brevedad posible.<\/p>\n<h3>Ley aplicable y jurisdicci\u00f3n<\/h3>\n<p>Las condiciones legales y de contrataci\u00f3n recogidas en esta web est\u00e1n sometidas a la legislaci\u00f3n espa\u00f1ola. Sin perjuicio de lo anterior, el consumidor no residente en Espa\u00f1a tambi\u00e9n goza de la protecci\u00f3n que le garantizan las disposiciones imperativas del derecho del pa\u00eds donde tenga su residencia habitual. Las partes se someten, a su elecci\u00f3n, para la resoluci\u00f3n de los conflictos y con renuncia a cualquier otro fuero, a los juzgados y tribunales del domicilio de la persona usuaria. O en el caso que el cliente sea una empresa, en los juzgados y tribunales del domicilio de la fot\u00f3grafa.<\/p>\n<h3>Aceptaci\u00f3n y modificaci\u00f3n de condiciones<\/h3>\n<p>El uso de cualquiera de las funcionalidades del sitio Web implica la expresa y plena aceptaci\u00f3n de las condiciones aqu\u00ed expuestas, sin perjuicio de aquellas particulares que pudieran aplicarse a algunos de los servicios concretos ofrecidos a trav\u00e9s del sitio Web.<\/p>\n<p>IKUXKA se reserva la facultad de efectuar actualizaciones de la informaci\u00f3n contenida en su Web o en la configuraci\u00f3n y presentaci\u00f3n de \u00e9sta sin previo aviso. Estas modificaciones no afectar\u00e1n a los pedidos en curso.<\/p>\n<p>\u00daltima fecha de modificaci\u00f3n de condiciones: 30 de noviembre del 2022<\/p>\n","protected":false},"excerpt":{"rendered":"<p>Para dar cumplimiento al art\u00edculo 10 de la Ley 34\/2002 de Servicios de la Sociedad de la Informaci\u00f3n y del Comercio Electr\u00f3nico, informamos a los usuarios de nuestros datos: Titular del Website: Nagore Igarza Arin Direcci\u00f3n: Calle Kalebarren n\u00ba7 1, 20577 Antzuola Contacto: Tel: 653704979 \/\/\u00a0 Mail: ikuxka@ikuxka.com. (Tiempo m\u00e1ximo de respuesta 24h) DNI: 72456049T &#8230; <a title=\"Aviso legal\" class=\"read-more\" href=\"https:\/\/ikuxka.com\/es\/aviso-legal\/\" aria-label=\"Leer m\u00e1s sobre Aviso legal\">Leer m\u00e1s<\/a><\/p>\n","protected":false},"author":2,"featured_media":0,"parent":0,"menu_order":0,"comment_status":"closed","ping_status":"closed","template":"","meta":{"footnotes":""},"categories":[],"tags":[],"class_list":["post-7582","page","type-page","status-publish"],"_links":{"self":[{"href":"https:\/\/ikuxka.com\/es\/wp-json\/wp\/v2\/pages\/7582","targetHints":{"allow":["GET"]}}],"collection":[{"href":"https:\/\/ikuxka.com\/es\/wp-json\/wp\/v2\/pages"}],"about":[{"href":"https:\/\/ikuxka.com\/es\/wp-json\/wp\/v2\/types\/page"}],"author":[{"embeddable":true,"href":"https:\/\/ikuxka.com\/es\/wp-json\/wp\/v2\/users\/2"}],"replies":[{"embeddable":true,"href":"https:\/\/ikuxka.com\/es\/wp-json\/wp\/v2\/comments?post=7582"}],"version-history":[{"count":0,"href":"https:\/\/ikuxka.com\/es\/wp-json\/wp\/v2\/pages\/7582\/revisions"}],"wp:attachment":[{"href":"https:\/\/ikuxka.com\/es\/wp-json\/wp\/v2\/media?parent=7582"}],"wp:term":[{"taxonomy":"category","embeddable":true,"href":"https:\/\/ikuxka.com\/es\/wp-json\/wp\/v2\/categories?post=7582"},{"taxonomy":"post_tag","embeddable":true,"href":"https:\/\/ikuxka.com\/es\/wp-json\/wp\/v2\/tags?post=7582"}],"curies":[{"name":"wp","href":"https:\/\/api.w.org\/{rel}","templated":true}]}}